{"id":6641,"date":"2024-03-11T11:44:05","date_gmt":"2024-03-11T10:44:05","guid":{"rendered":"https:\/\/indicoo.de\/produkt\/selenitlampe-quadratisch-kopie\/"},"modified":"2024-03-11T11:44:05","modified_gmt":"2024-03-11T10:44:05","slug":"selenitlampe-quadratisch-kopie","status":"publish","type":"product","link":"https:\/\/indicoo.de\/ru\/produkt\/selenitlampe-quadratisch-kopie\/","title":{"rendered":"Selenitlampe quadratisch (Kopie)"},"content":{"rendered":"<h2>Reinheit und Harmonie im Quadrat.<\/h2>\n<p>Die Selenitlampe verk\u00f6rpert Reinheit und Harmonie in ihrer sch\u00f6nsten Form. Das quadratische Design strahlt eine ruhige Eleganz aus und schafft eine Atmosph\u00e4re von Klarheit und innerem Frieden. Der Selenitkristall in dieser Lampe wird wegen seiner F\u00e4higkeit gesch\u00e4tzt, energetische Felder zu reinigen und aufzuladen, was zu spirituellem Wachstum und tiefer Meditation f\u00fchren kann.<\/p>\n<p>Diese Lampe vereint Sch\u00f6nheit und Funktionalit\u00e4t. Das sanfte, neutrale Licht des Selenits macht es zu einer idealen Wahl f\u00fcr die Dekoration Ihres Zuhauses. Gleichzeitig wird angenommen, dass Selenit eine Schutzbarriere gegen Negativit\u00e4t bildet und inneren Frieden f\u00f6rdert. Erleben Sie mit dieser Selenitlampe die Verschmelzung von Stil, spiritueller Reinheit und Schutz f\u00fcr eine belebende und harmonische Pr\u00e4senz im Alltag.<\/p>\n<p>Die Dauer der Lieferung dauert ca. 6-8 Wochen aus dem Grund, dass die Lampen extra f\u00fcr Sie geliefert werden. Sollten wir was auf Lager sein, melden wir uns bei Ihnen.<\/p>\n<p><strong>Gr\u00f6\u00dfe:<\/strong>60&#215;60 sm<br \/>\n<strong>Gewicht:<\/strong> 25-30 kg<\/p>\n","protected":false},"excerpt":{"rendered":"<p>Bei Gro\u00dfformatigen Modellen, entsteht dementsprechend grosse Enegie\u00fcbertragung und ist ideal f\u00fcr gro\u00dfe R\u00e4ume\u2026<\/p>\n","protected":false},"featured_media":6489,"template":"","meta":{"site-sidebar-layout":"default","site-content-layout":"","ast-site-content-layout":"default","site-content-style":"default","site-sidebar-style":"default","ast-global-header-display":"","ast-banner-title-visibility":"","ast-main-header-display":"","ast-hfb-above-header-display":"","ast-hfb-below-header-display":"","ast-hfb-mobile-header-display":"","site-post-title":"","ast-breadcrumbs-content":"","ast-featured-img":"","footer-sml-layout":"","ast-disable-related-posts":"","theme-transparent-header-meta":"default","adv-header-id-meta":"","stick-header-meta":"default","header-above-stick-meta":"","header-main-stick-meta":"","header-below-stick-meta":"","astra-migrate-meta-layouts":"set","ast-page-background-enabled":"default","ast-page-background-meta":{"desktop":{"background-color":"","background-image":"","background-repeat":"repeat","background-position":"center center","background-size":"auto","background-attachment":"scroll","background-type":"","background-media":"","overlay-type":"","overlay-color":"","overlay-opacity":"","overlay-gradient":""},"tablet":{"background-color":"","background-image":"","background-repeat":"repeat","background-position":"center center","background-size":"auto","background-attachment":"scroll","background-type":"","background-media":"","overlay-type":"","overlay-color":"","overlay-opacity":"","overlay-gradient":""},"mobile":{"background-color":"","background-image":"","background-repeat":"repeat","background-position":"center center","background-size":"auto","background-attachment":"scroll","background-type":"","background-media":"","overlay-type":"","overlay-color":"","overlay-opacity":"","overlay-gradient":""}},"ast-content-background-meta":{"desktop":{"background-color":"var(--ast-global-color-5)","background-image":"","background-repeat":"repeat","background-position":"center center","background-size":"auto","background-attachment":"scroll","background-type":"","background-media":"","overlay-type":"","overlay-color":"","overlay-opacity":"","overlay-gradient":""},"tablet":{"background-color":"var(--ast-global-color-5)","background-image":"","background-repeat":"repeat","background-position":"center center","background-size":"auto","background-attachment":"scroll","background-type":"","background-media":"","overlay-type":"","overlay-color":"","overlay-opacity":"","overlay-gradient":""},"mobile":{"background-color":"var(--ast-global-color-5)","background-image":"","background-repeat":"repeat","background-position":"center center","background-size":"auto","background-attachment":"scroll","background-type":"","background-media":"","overlay-type":"","overlay-color":"","overlay-opacity":"","overlay-gradient":""}}},"product_brand":[],"product_cat":[],"product_tag":[],"class_list":{"0":"post-6641","1":"product","2":"type-product","3":"status-publish","4":"has-post-thumbnail","6":"desktop-align-left","7":"tablet-align-left","8":"mobile-align-left","9":"ast-product-gallery-layout-horizontal-slider","10":"ast-product-gallery-with-no-image","11":"ast-magnify-disabled","12":"ast-product-tabs-layout-horizontal","14":"first","15":"instock","16":"taxable","17":"shipping-taxable","18":"purchasable","19":"product-type-simple"},"_links":{"self":[{"href":"https:\/\/indicoo.de\/ru\/wp-json\/wp\/v2\/product\/6641","targetHints":{"allow":["GET"]}}],"collection":[{"href":"https:\/\/indicoo.de\/ru\/wp-json\/wp\/v2\/product"}],"about":[{"href":"https:\/\/indicoo.de\/ru\/wp-json\/wp\/v2\/types\/product"}],"version-history":[{"count":0,"href":"https:\/\/indicoo.de\/ru\/wp-json\/wp\/v2\/product\/6641\/revisions"}],"wp:featuredmedia":[{"embeddable":true,"href":"https:\/\/indicoo.de\/ru\/wp-json\/wp\/v2\/media\/6489"}],"wp:attachment":[{"href":"https:\/\/indicoo.de\/ru\/wp-json\/wp\/v2\/media?parent=6641"}],"wp:term":[{"taxonomy":"product_brand","embeddable":true,"href":"https:\/\/indicoo.de\/ru\/wp-json\/wp\/v2\/product_brand?post=6641"},{"taxonomy":"product_cat","embeddable":true,"href":"https:\/\/indicoo.de\/ru\/wp-json\/wp\/v2\/product_cat?post=6641"},{"taxonomy":"product_tag","embeddable":true,"href":"https:\/\/indicoo.de\/ru\/wp-json\/wp\/v2\/product_tag?post=6641"}],"curies":[{"name":"wp","href":"https:\/\/api.w.org\/{rel}","templated":true}]}}