{"id":6636,"date":"2024-03-11T10:56:24","date_gmt":"2024-03-11T09:56:24","guid":{"rendered":"https:\/\/indicoo.de\/produkt\/teppiche-zanafi-blau-kopie\/"},"modified":"2024-03-11T11:26:41","modified_gmt":"2024-03-11T10:26:41","slug":"teppiche-zanafi-blau-kopie","status":"publish","type":"product","link":"https:\/\/indicoo.de\/ru\/produkt\/teppiche-zanafi-blau-kopie\/","title":{"rendered":"\u0426\u0438\u043d\u043e\u0432\u043a\u0430"},"content":{"rendered":"<div>\n<p>Das Zanafi-Stamm ist eine berberische Gemeinschaft, die die wundersch\u00f6nen Atlas-Berge in Marokko bewohnt. Ihre Meisterschaft im Textilhandwerk, insbesondere bei der Herstellung von Teppichen, ist ihre Quelle des Stolzes.<\/p>\n<p>Die Muster auf den Zanafi-Teppichen zeichnen sich durch ihre lebendige Geometrie, Abstraktheit und Symbolik aus. Diese Kunstwerke entstehen manuell an vertikalen Webst\u00fchlen unter Verwendung einzigartiger Techniken, die von Generation zu Generation im Zanafi-Stamm weitergegeben werden.<\/p>\n<p>Durch die Verwendung ausschlie\u00dflich nat\u00fcrlicher Materialien wie Wolle und Baumwolle erhalten Zanafi-Teppiche ihre kr\u00e4ftigen Farben &#8212; gelb, rot, gr\u00fcn, schwarz, orange. Das macht sie nicht nur strapazierf\u00e4hig und langlebig, sondern auch vollst\u00e4ndig umweltfreundlich.<\/p>\n<p>Dar\u00fcber hinaus dienen Zanafi-Teppiche nicht nur als Dekoration f\u00fcr das Interieur, sondern k\u00f6nnen auch als stilvolle Bodenbel\u00e4ge verwendet werden, um Ihrem Zuhause lebendige und traditionelle Motive zu verleihen.<\/p>\n<p>Zanafi-Teppiche tragen ein tiefes kulturelles Erbe f\u00fcr Marokko und den Zanafi-Stamm, indem sie deren Geschichte, Kunst und reiche Traditionen verk\u00f6rpern. Diese einzigartigen Kunstwerke ziehen die Aufmerksamkeit von Sammlern und Liebhabern traditioneller Handwerkskunst durch ihre einzigartige \u00c4sthetik und kulturelle Bedeutung auf sich.<\/p>\n<p>100 % \u00f6kologische, reine, chemiefreie Teppiche.<\/p>\n<\/div>\n","protected":false},"excerpt":{"rendered":"<p>Herstellungsmaterial: 100% Wolle, Baumwolle<br \/>\nGr\u00f6\u00dfe: 300&#215;200 cm.<\/p>\n","protected":false},"featured_media":6503,"template":"","meta":{"site-sidebar-layout":"default","site-content-layout":"","ast-site-content-layout":"default","site-content-style":"default","site-sidebar-style":"default","ast-global-header-display":"","ast-banner-title-visibility":"","ast-main-header-display":"","ast-hfb-above-header-display":"","ast-hfb-below-header-display":"","ast-hfb-mobile-header-display":"","site-post-title":"","ast-breadcrumbs-content":"","ast-featured-img":"","footer-sml-layout":"","ast-disable-related-posts":"","theme-transparent-header-meta":"default","adv-header-id-meta":"","stick-header-meta":"default","header-above-stick-meta":"","header-main-stick-meta":"","header-below-stick-meta":"","astra-migrate-meta-layouts":"set","ast-page-background-enabled":"default","ast-page-background-meta":{"desktop":{"background-color":"","background-image":"","background-repeat":"repeat","background-position":"center center","background-size":"auto","background-attachment":"scroll","background-type":"","background-media":"","overlay-type":"","overlay-color":"","overlay-opacity":"","overlay-gradient":""},"tablet":{"background-color":"","background-image":"","background-repeat":"repeat","background-position":"center center","background-size":"auto","background-attachment":"scroll","background-type":"","background-media":"","overlay-type":"","overlay-color":"","overlay-opacity":"","overlay-gradient":""},"mobile":{"background-color":"","background-image":"","background-repeat":"repeat","background-position":"center center","background-size":"auto","background-attachment":"scroll","background-type":"","background-media":"","overlay-type":"","overlay-color":"","overlay-opacity":"","overlay-gradient":""}},"ast-content-background-meta":{"desktop":{"background-color":"var(--ast-global-color-5)","background-image":"","background-repeat":"repeat","background-position":"center center","background-size":"auto","background-attachment":"scroll","background-type":"","background-media":"","overlay-type":"","overlay-color":"","overlay-opacity":"","overlay-gradient":""},"tablet":{"background-color":"var(--ast-global-color-5)","background-image":"","background-repeat":"repeat","background-position":"center center","background-size":"auto","background-attachment":"scroll","background-type":"","background-media":"","overlay-type":"","overlay-color":"","overlay-opacity":"","overlay-gradient":""},"mobile":{"background-color":"var(--ast-global-color-5)","background-image":"","background-repeat":"repeat","background-position":"center center","background-size":"auto","background-attachment":"scroll","background-type":"","background-media":"","overlay-type":"","overlay-color":"","overlay-opacity":"","overlay-gradient":""}}},"product_brand":[],"product_cat":[],"product_tag":[],"class_list":{"0":"post-6636","1":"product","2":"type-product","3":"status-publish","4":"has-post-thumbnail","6":"desktop-align-left","7":"tablet-align-left","8":"mobile-align-left","9":"ast-product-gallery-layout-horizontal-slider","10":"ast-product-gallery-with-no-image","11":"ast-magnify-disabled","12":"ast-product-tabs-layout-horizontal","14":"first","15":"instock","16":"taxable","17":"shipping-taxable","18":"purchasable","19":"product-type-simple"},"_links":{"self":[{"href":"https:\/\/indicoo.de\/ru\/wp-json\/wp\/v2\/product\/6636","targetHints":{"allow":["GET"]}}],"collection":[{"href":"https:\/\/indicoo.de\/ru\/wp-json\/wp\/v2\/product"}],"about":[{"href":"https:\/\/indicoo.de\/ru\/wp-json\/wp\/v2\/types\/product"}],"version-history":[{"count":0,"href":"https:\/\/indicoo.de\/ru\/wp-json\/wp\/v2\/product\/6636\/revisions"}],"wp:featuredmedia":[{"embeddable":true,"href":"https:\/\/indicoo.de\/ru\/wp-json\/wp\/v2\/media\/6503"}],"wp:attachment":[{"href":"https:\/\/indicoo.de\/ru\/wp-json\/wp\/v2\/media?parent=6636"}],"wp:term":[{"taxonomy":"product_brand","embeddable":true,"href":"https:\/\/indicoo.de\/ru\/wp-json\/wp\/v2\/product_brand?post=6636"},{"taxonomy":"product_cat","embeddable":true,"href":"https:\/\/indicoo.de\/ru\/wp-json\/wp\/v2\/product_cat?post=6636"},{"taxonomy":"product_tag","embeddable":true,"href":"https:\/\/indicoo.de\/ru\/wp-json\/wp\/v2\/product_tag?post=6636"}],"curies":[{"name":"wp","href":"https:\/\/api.w.org\/{rel}","templated":true}]}}